{"id":15116,"date":"2020-07-18T15:11:43","date_gmt":"2020-07-18T12:11:43","guid":{"rendered":"https:\/\/www.wintess.com\/acceso-denegado\/"},"modified":"2020-09-17T14:11:10","modified_gmt":"2020-09-17T11:11:10","slug":"acceso-denegado","status":"publish","type":"page","link":"https:\/\/www.wintess.com\/es\/acceso-denegado\/","title":{"rendered":"Acceso denegado"},"content":{"rendered":"\t\t<div data-elementor-type=\"wp-page\" data-elementor-id=\"15116\" class=\"elementor elementor-15116 elementor-6596\" data-elementor-post-type=\"page\">\n\t\t\t\t\t\t<section class=\"elementor-section elementor-top-section elementor-element elementor-element-eede339 elementor-section-boxed elementor-section-height-default elementor-section-height-default\" data-id=\"eede339\" data-element_type=\"section\">\n\t\t\t\t\t\t<div class=\"elementor-container elementor-column-gap-default\">\n\t\t\t\t\t<div class=\"elementor-column elementor-col-100 elementor-top-column elementor-element elementor-element-2bdc581\" data-id=\"2bdc581\" data-element_type=\"column\">\n\t\t\t<div class=\"elementor-widget-wrap elementor-element-populated\">\n\t\t\t\t\t\t<div class=\"elementor-element elementor-element-3c148bf elementor-widget elementor-widget-text-editor\" data-id=\"3c148bf\" data-element_type=\"widget\" data-widget_type=\"text-editor.default\">\n\t\t\t\t<div class=\"elementor-widget-container\">\n\t\t\t\t\t\t\t\t\t<p>No tiene los permisos de grupo adecuados para acceder a esta p\u00e1gina.<\/p>\n<p>Para enviar un ticket, necesita:<\/p>\n<ul>\n<li>para registrar el <a href=\"https:\/\/www.wintess.com\/register\/\">sitio web de WinTess.<\/a><\/li>\n<li>para <a href=\"https:\/\/www.wintess.com\/login\/\">iniciar sesi\u00f3n en<\/a> el sitio web de Wintess.<\/li>\n<li>y tener una suscripci\u00f3n de soporte activo. <\/li>\n<\/ul>\n<p>Si cree que <em>debe<\/em> tener acceso a esta p\u00e1gina, p\u00f3ngase en contacto con el administrador en info@wintess.com para obtener ayuda.<\/p>\n\t\t\t\t\t\t\t\t<\/div>\n\t\t\t\t<\/div>\n\t\t\t\t\t<\/div>\n\t\t<\/div>\n\t\t\t\t\t<\/div>\n\t\t<\/section>\n\t\t\t\t<\/div>\n\t\t","protected":false},"excerpt":{"rendered":"<p>No tiene los permisos de grupo adecuados para acceder a esta p\u00e1gina. Para enviar un ticket, necesita: para registrar el sitio web de WinTess. para iniciar sesi\u00f3n en el sitio web de Wintess. y tener una suscripci\u00f3n de soporte activo. Si cree que debe tener acceso a esta p\u00e1gina, p\u00f3ngase en contacto con el administrador&hellip;<\/p>\n","protected":false},"author":1,"featured_media":0,"parent":0,"menu_order":0,"comment_status":"closed","ping_status":"closed","template":"","meta":{"footnotes":""},"tags":[],"class_list":["post-15116","page","type-page","status-publish","hentry"],"_links":{"self":[{"href":"https:\/\/www.wintess.com\/es\/wp-json\/wp\/v2\/pages\/15116","targetHints":{"allow":["GET"]}}],"collection":[{"href":"https:\/\/www.wintess.com\/es\/wp-json\/wp\/v2\/pages"}],"about":[{"href":"https:\/\/www.wintess.com\/es\/wp-json\/wp\/v2\/types\/page"}],"author":[{"embeddable":true,"href":"https:\/\/www.wintess.com\/es\/wp-json\/wp\/v2\/users\/1"}],"replies":[{"embeddable":true,"href":"https:\/\/www.wintess.com\/es\/wp-json\/wp\/v2\/comments?post=15116"}],"version-history":[{"count":3,"href":"https:\/\/www.wintess.com\/es\/wp-json\/wp\/v2\/pages\/15116\/revisions"}],"predecessor-version":[{"id":16488,"href":"https:\/\/www.wintess.com\/es\/wp-json\/wp\/v2\/pages\/15116\/revisions\/16488"}],"wp:attachment":[{"href":"https:\/\/www.wintess.com\/es\/wp-json\/wp\/v2\/media?parent=15116"}],"wp:term":[{"taxonomy":"post_tag","embeddable":true,"href":"https:\/\/www.wintess.com\/es\/wp-json\/wp\/v2\/tags?post=15116"}],"curies":[{"name":"wp","href":"https:\/\/api.w.org\/{rel}","templated":true}]}}