{"id":16407,"date":"2020-08-29T15:02:58","date_gmt":"2020-08-29T12:02:58","guid":{"rendered":"https:\/\/www.wintess.com\/acerca-de-2\/"},"modified":"2020-08-29T15:18:16","modified_gmt":"2020-08-29T12:18:16","slug":"acerca-de","status":"publish","type":"page","link":"https:\/\/www.wintess.com\/es\/acerca-de\/","title":{"rendered":"Acerca de \u2026"},"content":{"rendered":"\t\t<div data-elementor-type=\"wp-page\" data-elementor-id=\"16407\" class=\"elementor elementor-16407 elementor-16401\" data-elementor-post-type=\"page\">\n\t\t\t\t\t\t<section class=\"elementor-section elementor-top-section elementor-element elementor-element-715dc55 elementor-section-boxed elementor-section-height-default elementor-section-height-default\" data-id=\"715dc55\" data-element_type=\"section\">\n\t\t\t\t\t\t<div class=\"elementor-container elementor-column-gap-default\">\n\t\t\t\t\t<div class=\"elementor-column elementor-col-66 elementor-top-column elementor-element elementor-element-cfc2107\" data-id=\"cfc2107\" data-element_type=\"column\">\n\t\t\t<div class=\"elementor-widget-wrap elementor-element-populated\">\n\t\t\t\t\t\t<div class=\"elementor-element elementor-element-85099ca elementor-widget elementor-widget-text-editor\" data-id=\"85099ca\" data-element_type=\"widget\" data-widget_type=\"text-editor.default\">\n\t\t\t\t<div class=\"elementor-widget-container\">\n\t\t\t\t\t\t\t\t\t<p>Nos esforzamos por desarrollar y mejorar WinTess para obtener la mejor experiencia posible en b\u00fasqueda de formularios, an\u00e1lisis y patrones para estructuras de tracci\u00f3n.<\/p><\/p>\n\t\t\t\t\t\t\t\t<\/div>\n\t\t\t\t<\/div>\n\t\t\t\t<div class=\"elementor-element elementor-element-0e71d70 elementor-widget elementor-widget-text-editor\" data-id=\"0e71d70\" data-element_type=\"widget\" data-widget_type=\"text-editor.default\">\n\t\t\t\t<div class=\"elementor-widget-container\">\n\t\t\t\t\t\t\t\t\t<p class=\"text\"><strong>WinTess: Software de an\u00e1lisis no lineal f\u00e1cil de usar para estructuras de membrana<br \/><\/strong><\/p>\n<p><img fetchpriority=\"high\" decoding=\"async\" class=\"alignleft size-medium wp-image-12844\" src=\"https:\/\/www.wintess.com\/wp-content\/uploads\/2020\/07\/ramon1-241x300.png\" alt=\"\" width=\"241\" height=\"300\" srcset=\"https:\/\/www.wintess.com\/wp-content\/uploads\/2020\/07\/ramon1-241x300.png 241w, https:\/\/www.wintess.com\/wp-content\/uploads\/2020\/07\/ramon1.png 340w\" sizes=\"(max-width: 241px) 100vw, 241px\" \/>Las estructuras de tracci\u00f3n, o en otro nombre Arquitectura Textil, es aquella en la que la mayor\u00eda de los elementos estructurales est\u00e1n sometidos a tensiones de tracci\u00f3n. Las fuerzas de tracci\u00f3n est\u00e1n soportadas por elementos lineales (cuerdas, cuerdas, cables, tendones, cintas de carga, etc.) y superficies (lonas, membranas, telas, pel\u00edculas, l\u00e1minas, etc.)<\/p>\n<p class=\"text\">Pero las tensiones de tracci\u00f3n no son las \u00fanicas. A menudo estas tensiones de tracci\u00f3n no van directamente a los soportes fijos, cimentaciones, anclajes, etc., sino que se transfieren a otros elementos que soportan compresi\u00f3n (polos, arcos, etc.) o flexi\u00f3n (vigas, arcos, etc.). El origen de este tipo de arquitectura es bastante antiguo teniendo en cuenta las construcciones n\u00f3madas incluso en tiempos antiguos o accesorios textiles en edificios de todo tipo con sombras, protecci\u00f3n contra la lluvia, etc. El dise\u00f1o de este tipo de construcci\u00f3n suele requerir una experiencia diferente, tanto en la fase de dise\u00f1o como en la ejecuci\u00f3n. Y gran parte de este conocimiento son muy importantes en el soporte de software espec\u00edfico. WinTess es un conjunto de software dedicado a facilitar las tareas de dise\u00f1o, an\u00e1lisis y fabricaci\u00f3n en el campo de la arquitectura textil..<\/p>\n<p class=\"text\">El WinTess3 es la \u00faltima versi\u00f3n del software que fue creado como el foco de mi tesis doctoral en 1981. En ese momento el software se llamaba TESS y se escribi\u00f3 en FORTRAN utilizando tarjetas perforadas para ordenadores sin ning\u00fan tipo de salida gr\u00e1fica (o pantalla gr\u00e1fica o trazador). Los resultados fueron puramente alfanum\u00e9ricos. Posteriormente el programa evolucion\u00f3 a su arquitectura moderna actual con im\u00e1genes en pantalla y salidas gr\u00e1ficas a impresoras y plotters. El lenguaje de programaci\u00f3n tambi\u00e9n sigui\u00f3 una ruta de evoluci\u00f3n paralela de FORTRAN a QuickBASIC y Visual Basic, finalmente a Xojo. Con la adopci\u00f3n amplia de Windows (circa 1992), el software fue renombrado como WinTess. WinTess se encuentra actualmente en un nivel de producci\u00f3n de 3 y es compatible con la biblioteca gr\u00e1fica abierta OpenGL y ambas plataformas de sistema operativo; Microsoft Windows<sup>\u00ae<\/sup> y Macintosh<sup>\u00ae<\/sup>.<\/p>\n<p class=\"text\">Por \u00faltimo, el \u00e9xito de WinTess no fue posible sin el trabajo en equipo de nuestros dedicados desarrolladores, programadores y probadores beta. Las gracias espec\u00edficas deben ir a <a href=\"http:\/\/www.onartstructures.com\" target=\"_blank\" rel=\"noopener\">Onart Membrane Structures<\/a> que ha contribuido al desarrollo usando WinTess en proyectos de la vida real durante m\u00e1s de 15 a\u00f1os.<\/p>\n<p class=\"text\">La simplicidad y la capacidad en el dise\u00f1o y an\u00e1lisis de sistemas de membrana de tracci\u00f3n son los pilares b\u00e1sicos de WinTess. Mi equipo y yo siempre nos hemos esforzado por un software que sea f\u00e1cil de aprender y f\u00e1cil de usar pero potente.<\/p>\n<p><strong>Prof. Dr. Ramon Sastre <br \/> <\/strong><span style=\"font-size: 10pt;\"><strong>Creador de WinTess<\/strong><\/span><\/p>\n\t\t\t\t\t\t\t\t<\/div>\n\t\t\t\t<\/div>\n\t\t\t\t\t<\/div>\n\t\t<\/div>\n\t\t\t\t<div class=\"elementor-column elementor-col-33 elementor-top-column elementor-element elementor-element-41ed77f\" data-id=\"41ed77f\" data-element_type=\"column\">\n\t\t\t<div class=\"elementor-widget-wrap elementor-element-populated\">\n\t\t\t\t\t\t<div class=\"elementor-element elementor-element-fcef1f9 elementor-position-inline-start elementor-view-default elementor-mobile-position-block-start elementor-widget elementor-widget-icon-box\" data-id=\"fcef1f9\" data-element_type=\"widget\" data-widget_type=\"icon-box.default\">\n\t\t\t\t<div class=\"elementor-widget-container\">\n\t\t\t\t\t\t\t<div class=\"elementor-icon-box-wrapper\">\n\n\t\t\t\t\t\t<div class=\"elementor-icon-box-icon\">\n\t\t\t\t<span  class=\"elementor-icon\">\n\t\t\t\t<i aria-hidden=\"true\" class=\" icomoon-the7-font-the7-arrow-35\"><\/i>\t\t\t\t<\/span>\n\t\t\t<\/div>\n\t\t\t\n\t\t\t\t\t\t<div class=\"elementor-icon-box-content\">\n\n\t\t\t\t\t\t\t\t\t<div class=\"elementor-icon-box-title\">\n\t\t\t\t\t\t<span  >\n\t\t\t\t\t\t\t1981 - Nacimiento de WinTess\t\t\t\t\t\t<\/span>\n\t\t\t\t\t<\/div>\n\t\t\t\t\n\t\t\t\t\t\t\t\t\t<p class=\"elementor-icon-box-description\">\n\t\t\t\t\t\tInicio de WinTess como tesis doctoral. Se llam\u00f3 TESS y se escribi\u00f3 en FORTRAN utilizando e IBM computer y m\u00e1s tarde en un Digital, con pocas actualizaciones.\t\t\t\t\t<\/p>\n\t\t\t\t\n\t\t\t<\/div>\n\t\t\t\n\t\t<\/div>\n\t\t\t\t\t\t<\/div>\n\t\t\t\t<\/div>\n\t\t\t\t<div class=\"elementor-element elementor-element-613a473 elementor-position-inline-start elementor-view-default elementor-mobile-position-block-start elementor-widget elementor-widget-icon-box\" data-id=\"613a473\" data-element_type=\"widget\" data-widget_type=\"icon-box.default\">\n\t\t\t\t<div class=\"elementor-widget-container\">\n\t\t\t\t\t\t\t<div class=\"elementor-icon-box-wrapper\">\n\n\t\t\t\t\t\t<div class=\"elementor-icon-box-icon\">\n\t\t\t\t<span  class=\"elementor-icon\">\n\t\t\t\t<i aria-hidden=\"true\" class=\" icomoon-the7-font-the7-arrow-35\"><\/i>\t\t\t\t<\/span>\n\t\t\t<\/div>\n\t\t\t\n\t\t\t\t\t\t<div class=\"elementor-icon-box-content\">\n\n\t\t\t\t\t\t\t\t\t<div class=\"elementor-icon-box-title\">\n\t\t\t\t\t\t<span  >\n\t\t\t\t\t\t\t1992 - Reescritura completa de WinTess\t\t\t\t\t\t<\/span>\n\t\t\t\t\t<\/div>\n\t\t\t\t\n\t\t\t\t\t\t\t\t\t<p class=\"elementor-icon-box-description\">\n\t\t\t\t\t\tEl programa fue completamente reescrito. Cambiado a QuickBasic en paralelo a Windows emergente. Software renombrado como WinTess por primera vez.\t\t\t\t\t<\/p>\n\t\t\t\t\n\t\t\t<\/div>\n\t\t\t\n\t\t<\/div>\n\t\t\t\t\t\t<\/div>\n\t\t\t\t<\/div>\n\t\t\t\t<div class=\"elementor-element elementor-element-fd407c6 elementor-position-inline-start elementor-view-default elementor-mobile-position-block-start elementor-widget elementor-widget-icon-box\" data-id=\"fd407c6\" data-element_type=\"widget\" data-widget_type=\"icon-box.default\">\n\t\t\t\t<div class=\"elementor-widget-container\">\n\t\t\t\t\t\t\t<div class=\"elementor-icon-box-wrapper\">\n\n\t\t\t\t\t\t<div class=\"elementor-icon-box-icon\">\n\t\t\t\t<span  class=\"elementor-icon\">\n\t\t\t\t<i aria-hidden=\"true\" class=\" icomoon-the7-font-the7-arrow-35\"><\/i>\t\t\t\t<\/span>\n\t\t\t<\/div>\n\t\t\t\n\t\t\t\t\t\t<div class=\"elementor-icon-box-content\">\n\n\t\t\t\t\t\t\t\t\t<div class=\"elementor-icon-box-title\">\n\t\t\t\t\t\t<span  >\n\t\t\t\t\t\t\t1995 - Segunda generaci\u00f3n de WinTess\t\t\t\t\t\t<\/span>\n\t\t\t\t\t<\/div>\n\t\t\t\t\n\t\t\t\t\t\t\t\t\t<p class=\"elementor-icon-box-description\">\n\t\t\t\t\t\tLos exigentes requisitos de WinTess llevaron al uso de Visual Basic en lugar de QuickBasic como el software de programaci\u00f3n subyacente.\t\t\t\t\t<\/p>\n\t\t\t\t\n\t\t\t<\/div>\n\t\t\t\n\t\t<\/div>\n\t\t\t\t\t\t<\/div>\n\t\t\t\t<\/div>\n\t\t\t\t<div class=\"elementor-element elementor-element-f06d98b elementor-position-inline-start elementor-view-default elementor-mobile-position-block-start elementor-widget elementor-widget-icon-box\" data-id=\"f06d98b\" data-element_type=\"widget\" data-widget_type=\"icon-box.default\">\n\t\t\t\t<div class=\"elementor-widget-container\">\n\t\t\t\t\t\t\t<div class=\"elementor-icon-box-wrapper\">\n\n\t\t\t\t\t\t<div class=\"elementor-icon-box-icon\">\n\t\t\t\t<span  class=\"elementor-icon\">\n\t\t\t\t<i aria-hidden=\"true\" class=\" icomoon-the7-font-the7-arrow-35\"><\/i>\t\t\t\t<\/span>\n\t\t\t<\/div>\n\t\t\t\n\t\t\t\t\t\t<div class=\"elementor-icon-box-content\">\n\n\t\t\t\t\t\t\t\t\t<div class=\"elementor-icon-box-title\">\n\t\t\t\t\t\t<span  >\n\t\t\t\t\t\t\t2006 - \u00daltima encarnaci\u00f3n: WinTess 3\t\t\t\t\t\t<\/span>\n\t\t\t\t\t<\/div>\n\t\t\t\t\n\t\t\t\t\t\t\t\t\t<p class=\"elementor-icon-box-description\">\n\t\t\t\t\t\tLa biblioteca gr\u00e1fica OpenGL se introdujo en WinTess para obtener respuestas gr\u00e1ficas m\u00e1s r\u00e1pidas. El lenguaje de programaci\u00f3n se movi\u00f3 una vez m\u00e1s, esta vez a Xojo que permiti\u00f3 las versiones de Windows y Mac. Toda la interfaz tuvo mejoras sustanciales con funcionalidad adicional.\t\t\t\t\t<\/p>\n\t\t\t\t\n\t\t\t<\/div>\n\t\t\t\n\t\t<\/div>\n\t\t\t\t\t\t<\/div>\n\t\t\t\t<\/div>\n\t\t\t\t<div class=\"elementor-element elementor-element-0350f43 elementor-position-inline-start elementor-view-default elementor-mobile-position-block-start elementor-widget elementor-widget-icon-box\" data-id=\"0350f43\" data-element_type=\"widget\" data-widget_type=\"icon-box.default\">\n\t\t\t\t<div class=\"elementor-widget-container\">\n\t\t\t\t\t\t\t<div class=\"elementor-icon-box-wrapper\">\n\n\t\t\t\t\t\t<div class=\"elementor-icon-box-icon\">\n\t\t\t\t<span  class=\"elementor-icon\">\n\t\t\t\t<i aria-hidden=\"true\" class=\" icomoon-the7-font-the7-arrow-35\"><\/i>\t\t\t\t<\/span>\n\t\t\t<\/div>\n\t\t\t\n\t\t\t\t\t\t<div class=\"elementor-icon-box-content\">\n\n\t\t\t\t\t\t\t\t\t<div class=\"elementor-icon-box-title\">\n\t\t\t\t\t\t<span  >\n\t\t\t\t\t\t\t2014 - Randec Technology Ltd.\t\t\t\t\t\t<\/span>\n\t\t\t\t\t<\/div>\n\t\t\t\t\n\t\t\t\t\t\t\t\t\t<p class=\"elementor-icon-box-description\">\n\t\t\t\t\t\tEl aumento del n\u00famero de usuarios de WinTess necesit\u00f3 otra empresa para las actividades de distribuci\u00f3n y soporte. Por lo tanto, Randec ha sido asignado a este rol.\t\t\t\t\t<\/p>\n\t\t\t\t\n\t\t\t<\/div>\n\t\t\t\n\t\t<\/div>\n\t\t\t\t\t\t<\/div>\n\t\t\t\t<\/div>\n\t\t\t\t<div class=\"elementor-element elementor-element-631156f elementor-position-inline-start elementor-view-default elementor-mobile-position-block-start elementor-widget elementor-widget-icon-box\" data-id=\"631156f\" data-element_type=\"widget\" data-widget_type=\"icon-box.default\">\n\t\t\t\t<div class=\"elementor-widget-container\">\n\t\t\t\t\t\t\t<div class=\"elementor-icon-box-wrapper\">\n\n\t\t\t\t\t\t<div class=\"elementor-icon-box-icon\">\n\t\t\t\t<span  class=\"elementor-icon\">\n\t\t\t\t<i aria-hidden=\"true\" class=\" icomoon-the7-font-the7-arrow-35\"><\/i>\t\t\t\t<\/span>\n\t\t\t<\/div>\n\t\t\t\n\t\t\t\t\t\t<div class=\"elementor-icon-box-content\">\n\n\t\t\t\t\t\t\t\t\t<div class=\"elementor-icon-box-title\">\n\t\t\t\t\t\t<span  >\n\t\t\t\t\t\t\t2016 - Socio de Tensinet\t\t\t\t\t\t<\/span>\n\t\t\t\t\t<\/div>\n\t\t\t\t\n\t\t\t\t\t\t\t\t\t<p class=\"elementor-icon-box-description\">\n\t\t\t\t\t\tWinTess fue nominado como Socio y aceptado por Tensinet en la Reuni\u00f3n de Socios el 27 de octubre de 2016.\t\t\t\t\t<\/p>\n\t\t\t\t\n\t\t\t<\/div>\n\t\t\t\n\t\t<\/div>\n\t\t\t\t\t\t<\/div>\n\t\t\t\t<\/div>\n\t\t\t\t\t<\/div>\n\t\t<\/div>\n\t\t\t\t\t<\/div>\n\t\t<\/section>\n\t\t\t\t<\/div>\n\t\t","protected":false},"excerpt":{"rendered":"<p>Nos esforzamos por desarrollar y mejorar WinTess para obtener la mejor experiencia posible en b\u00fasqueda de formularios, an\u00e1lisis y patrones para estructuras de tracci\u00f3n. WinTess: Software de an\u00e1lisis no lineal f\u00e1cil de usar para estructuras de membrana Las estructuras de tracci\u00f3n, o en otro nombre Arquitectura Textil, es aquella en la que la mayor\u00eda de&hellip;<\/p>\n","protected":false},"author":9,"featured_media":0,"parent":0,"menu_order":0,"comment_status":"closed","ping_status":"closed","template":"","meta":{"footnotes":""},"tags":[],"class_list":["post-16407","page","type-page","status-publish","hentry"],"_links":{"self":[{"href":"https:\/\/www.wintess.com\/es\/wp-json\/wp\/v2\/pages\/16407","targetHints":{"allow":["GET"]}}],"collection":[{"href":"https:\/\/www.wintess.com\/es\/wp-json\/wp\/v2\/pages"}],"about":[{"href":"https:\/\/www.wintess.com\/es\/wp-json\/wp\/v2\/types\/page"}],"author":[{"embeddable":true,"href":"https:\/\/www.wintess.com\/es\/wp-json\/wp\/v2\/users\/9"}],"replies":[{"embeddable":true,"href":"https:\/\/www.wintess.com\/es\/wp-json\/wp\/v2\/comments?post=16407"}],"version-history":[{"count":4,"href":"https:\/\/www.wintess.com\/es\/wp-json\/wp\/v2\/pages\/16407\/revisions"}],"predecessor-version":[{"id":16412,"href":"https:\/\/www.wintess.com\/es\/wp-json\/wp\/v2\/pages\/16407\/revisions\/16412"}],"wp:attachment":[{"href":"https:\/\/www.wintess.com\/es\/wp-json\/wp\/v2\/media?parent=16407"}],"wp:term":[{"taxonomy":"post_tag","embeddable":true,"href":"https:\/\/www.wintess.com\/es\/wp-json\/wp\/v2\/tags?post=16407"}],"curies":[{"name":"wp","href":"https:\/\/api.w.org\/{rel}","templated":true}]}}