{"id":6847,"date":"2020-06-25T16:01:38","date_gmt":"2020-06-25T13:01:38","guid":{"rendered":"https:\/\/www.wintess.com\/proyectos\/"},"modified":"2020-06-25T16:01:39","modified_gmt":"2020-06-25T13:01:39","slug":"proyectos","status":"publish","type":"page","link":"https:\/\/www.wintess.com\/es\/proyectos\/","title":{"rendered":"Proyectos"},"content":{"rendered":"\t\t<div data-elementor-type=\"wp-page\" data-elementor-id=\"6847\" class=\"elementor elementor-6847 elementor-496\" data-elementor-post-type=\"page\">\n\t\t\t\t\t\t<section class=\"elementor-section elementor-top-section elementor-element elementor-element-382640f7 elementor-section-boxed elementor-section-height-default elementor-section-height-default\" data-id=\"382640f7\" data-element_type=\"section\">\n\t\t\t\t\t\t<div class=\"elementor-container elementor-column-gap-wider\">\n\t\t\t\t\t<div class=\"elementor-column elementor-col-100 elementor-top-column elementor-element elementor-element-6942894a\" data-id=\"6942894a\" data-element_type=\"column\">\n\t\t\t<div class=\"elementor-widget-wrap elementor-element-populated\">\n\t\t\t\t\t\t<div class=\"elementor-element elementor-element-4b3f1730 elementor-widget elementor-widget-heading\" data-id=\"4b3f1730\" data-element_type=\"widget\" data-widget_type=\"heading.default\">\n\t\t\t\t<div class=\"elementor-widget-container\">\n\t\t\t\t\t<h2 class=\"elementor-heading-title elementor-size-default\">Proyectos seleccionados<\/h2>\t\t\t\t<\/div>\n\t\t\t\t<\/div>\n\t\t\t\t<div class=\"elementor-element elementor-element-7e12d793 elementor-widget elementor-widget-text-editor\" data-id=\"7e12d793\" data-element_type=\"widget\" data-widget_type=\"text-editor.default\">\n\t\t\t\t<div class=\"elementor-widget-container\">\n\t\t\t\t\t\t\t\t\t<p><span style=\"color: #0f1316; word-spacing: normal;\">De vanguardia, funcional y hermoso. Estos son algunos de los proyectos que hemos elaborado con WinTess. \u00a1Echa un vistazo!<\/span><\/p>\n\t\t\t\t\t\t\t\t<\/div>\n\t\t\t\t<\/div>\n\t\t\t\t\t<\/div>\n\t\t<\/div>\n\t\t\t\t\t<\/div>\n\t\t<\/section>\n\t\t\t\t<section class=\"elementor-section elementor-top-section elementor-element elementor-element-156fda3f elementor-section-boxed elementor-section-height-default elementor-section-height-default\" data-id=\"156fda3f\" data-element_type=\"section\">\n\t\t\t\t\t\t<div class=\"elementor-container elementor-column-gap-wider\">\n\t\t\t\t\t<div class=\"elementor-column elementor-col-100 elementor-top-column elementor-element elementor-element-2cfbb4d5\" data-id=\"2cfbb4d5\" data-element_type=\"column\">\n\t\t\t<div class=\"elementor-widget-wrap elementor-element-populated\">\n\t\t\t\t\t\t<div class=\"elementor-element elementor-element-5fa14832 elementor-widget elementor-widget-the7_elements\" data-id=\"5fa14832\" data-element_type=\"widget\" data-widget_type=\"the7_elements.default\">\n\t\t\t\t<div class=\"elementor-widget-container\">\n\t\t\t\t\t<div class=\"portfolio-shortcode the7-elementor-widget the7_elements-5fa14832 mode-masonry gradient-overlap-layout-list description-under-image content-bg-on widget-with-filter loading-effect-none jquery-filter lazy-loading-mode\" data-padding=\"0\" data-width=\"300\" data-columns=\"3\" data-post-limit=\"6\" data-pagination-mode=\"load-more\" data-scroll-offset=\"\" aria-live=\"assertive\"><div class=\"iso-container dt-isotope custom-iso-columns\"><div class=\"visible wf-cell iso-item category-0\" data-post-id=\"16344\" data-date=\"2020-08-02T18:27:22+03:00\" data-name=\"Estructura de membrana de tracci\u00f3n para un pabell\u00f3n abierto\"><article class=\"post visible post-16344 dt_portfolio type-dt_portfolio status-publish has-post-thumbnail hentry\" data-name=\"Estructura de membrana de tracci\u00f3n para un pabell\u00f3n abierto\" data-date=\"2020-08-02T18:27:22+03:00\">\n\n\t<div class=\"post-thumbnail-wrap\">\n\t\t<div class=\"post-thumbnail\">\n\n\t\t\t<a class=\"post-thumbnail-rollover layzr-bg img-css-resize-wrapper\" aria-label=\"Post image\" href=\"https:\/\/www.wintess.com\/es\/project\/estructura-de-membrana-de-traccion-para-un-pabellon-abierto\/\"><img fetchpriority=\"high\" decoding=\"async\" width=\"1163\" height=\"723\" src=\"data:image\/svg+xml,%3Csvg%20xmlns%3D&#039;http%3A%2F%2Fwww.w3.org%2F2000%2Fsvg&#039;%20viewBox%3D&#039;0%200%201163%20723&#039;%2F%3E\" class=\"attachment-full size-full preload-me aspect lazy lazy-load\" alt=\"\" sizes=\"(max-width: 1163px) 100vw, 1163px\" style=\"--ratio: 1163 \/ 723;\" data-src=\"https:\/\/www.wintess.com\/wp-content\/uploads\/2020\/08\/ThesisByPalmieri-00.jpg\" loading=\"eager\" data-srcset=\"https:\/\/www.wintess.com\/wp-content\/uploads\/2020\/08\/ThesisByPalmieri-00.jpg 1163w, https:\/\/www.wintess.com\/wp-content\/uploads\/2020\/08\/ThesisByPalmieri-00-300x187.jpg 300w, https:\/\/www.wintess.com\/wp-content\/uploads\/2020\/08\/ThesisByPalmieri-00-1024x637.jpg 1024w, https:\/\/www.wintess.com\/wp-content\/uploads\/2020\/08\/ThesisByPalmieri-00-768x477.jpg 768w\" \/><span class=\"the7-hover-icon\"><i aria-hidden=\"true\" class=\" icomoon-the7-font-the7-plus-04\"><\/i><\/span><\/a>\n\t\t<\/div>\n\t<\/div>\n\n\n<div class=\"post-entry-content\">\n\n\t<h3 class=\"ele-entry-title\"><a href=\"https:\/\/www.wintess.com\/es\/project\/estructura-de-membrana-de-traccion-para-un-pabellon-abierto\/\" rel=\"bookmark\" title=\"Estructura de membrana de tracci\u00f3n para un pabell\u00f3n abierto\">Estructura de membrana de tracci\u00f3n para un pabell\u00f3n abierto<\/a><\/h3><div class=\"entry-meta\"><\/div>\n<\/div><\/article><\/div><div class=\"visible wf-cell iso-item category-0\" data-post-id=\"15019\" data-date=\"2020-07-18T10:29:39+03:00\" data-name=\"Military Base Stadium, Ashgabat\"><article class=\"post visible post-15019 dt_portfolio type-dt_portfolio status-publish has-post-thumbnail hentry\" data-name=\"Military Base Stadium, Ashgabat\" data-date=\"2020-07-18T10:29:39+03:00\">\n\n\t<div class=\"post-thumbnail-wrap\">\n\t\t<div class=\"post-thumbnail\">\n\n\t\t\t<a class=\"post-thumbnail-rollover layzr-bg img-css-resize-wrapper\" aria-label=\"Post image\" href=\"https:\/\/www.wintess.com\/es\/project\/military-base-stadium-ashgabat\/\"><img decoding=\"async\" width=\"1280\" height=\"600\" src=\"data:image\/svg+xml,%3Csvg%20xmlns%3D&#039;http%3A%2F%2Fwww.w3.org%2F2000%2Fsvg&#039;%20viewBox%3D&#039;0%200%201280%20600&#039;%2F%3E\" class=\"attachment-full size-full preload-me aspect lazy lazy-load\" alt=\"\" sizes=\"(max-width: 1280px) 100vw, 1280px\" style=\"--ratio: 1280 \/ 600;\" data-src=\"https:\/\/www.wintess.com\/wp-content\/uploads\/2020\/07\/P6182522.jpg\" loading=\"eager\" data-srcset=\"https:\/\/www.wintess.com\/wp-content\/uploads\/2020\/07\/P6182522.jpg 1280w, https:\/\/www.wintess.com\/wp-content\/uploads\/2020\/07\/P6182522-300x141.jpg 300w, https:\/\/www.wintess.com\/wp-content\/uploads\/2020\/07\/P6182522-1024x480.jpg 1024w, https:\/\/www.wintess.com\/wp-content\/uploads\/2020\/07\/P6182522-768x360.jpg 768w\" \/><span class=\"the7-hover-icon\"><i aria-hidden=\"true\" class=\" icomoon-the7-font-the7-plus-04\"><\/i><\/span><\/a>\n\t\t<\/div>\n\t<\/div>\n\n\n<div class=\"post-entry-content\">\n\n\t<h3 class=\"ele-entry-title\"><a href=\"https:\/\/www.wintess.com\/es\/project\/military-base-stadium-ashgabat\/\" rel=\"bookmark\" title=\"Military Base Stadium, Ashgabat\">Military Base Stadium, Ashgabat<\/a><\/h3><div class=\"entry-meta\"><\/div>\n<\/div><\/article><\/div><div class=\"visible wf-cell iso-item category-0\" data-post-id=\"15017\" data-date=\"2020-07-18T10:29:38+03:00\" data-name=\"Centro comercial Bodrum, Bodrum\"><article class=\"post visible post-15017 dt_portfolio type-dt_portfolio status-publish has-post-thumbnail hentry\" data-name=\"Centro comercial Bodrum, Bodrum\" data-date=\"2020-07-18T10:29:38+03:00\">\n\n\t<div class=\"post-thumbnail-wrap\">\n\t\t<div class=\"post-thumbnail\">\n\n\t\t\t<a class=\"post-thumbnail-rollover layzr-bg img-css-resize-wrapper\" aria-label=\"Post image\" href=\"https:\/\/www.wintess.com\/es\/project\/centro-comercial-bodrum-bodrum\/\"><img decoding=\"async\" width=\"960\" height=\"400\" src=\"data:image\/svg+xml,%3Csvg%20xmlns%3D&#039;http%3A%2F%2Fwww.w3.org%2F2000%2Fsvg&#039;%20viewBox%3D&#039;0%200%20960%20400&#039;%2F%3E\" class=\"attachment-full size-full preload-me aspect lazy lazy-load\" alt=\"\" sizes=\"(max-width: 960px) 100vw, 960px\" style=\"--ratio: 960 \/ 400;\" data-src=\"https:\/\/www.wintess.com\/wp-content\/uploads\/2020\/07\/SAM_0484.jpg\" loading=\"eager\" data-srcset=\"https:\/\/www.wintess.com\/wp-content\/uploads\/2020\/07\/SAM_0484.jpg 960w, https:\/\/www.wintess.com\/wp-content\/uploads\/2020\/07\/SAM_0484-300x125.jpg 300w, https:\/\/www.wintess.com\/wp-content\/uploads\/2020\/07\/SAM_0484-768x320.jpg 768w\" \/><span class=\"the7-hover-icon\"><i aria-hidden=\"true\" class=\" icomoon-the7-font-the7-plus-04\"><\/i><\/span><\/a>\n\t\t<\/div>\n\t<\/div>\n\n\n<div class=\"post-entry-content\">\n\n\t<h3 class=\"ele-entry-title\"><a href=\"https:\/\/www.wintess.com\/es\/project\/centro-comercial-bodrum-bodrum\/\" rel=\"bookmark\" title=\"Centro comercial Bodrum, Bodrum\">Centro comercial Bodrum, Bodrum<\/a><\/h3><div class=\"entry-meta\"><\/div>\n<\/div><\/article><\/div><div class=\"visible wf-cell iso-item category-0\" data-post-id=\"15015\" data-date=\"2020-07-18T10:29:01+03:00\" data-name=\"Port Residence Dome, Izmir\"><article class=\"post visible post-15015 dt_portfolio type-dt_portfolio status-publish has-post-thumbnail hentry\" data-name=\"Port Residence Dome, Izmir\" data-date=\"2020-07-18T10:29:01+03:00\">\n\n\t<div class=\"post-thumbnail-wrap\">\n\t\t<div class=\"post-thumbnail\">\n\n\t\t\t<a class=\"post-thumbnail-rollover layzr-bg img-css-resize-wrapper\" aria-label=\"Post image\" href=\"https:\/\/www.wintess.com\/es\/project\/port-residence-dome-izmir\/\"><img decoding=\"async\" width=\"1280\" height=\"600\" src=\"data:image\/svg+xml,%3Csvg%20xmlns%3D&#039;http%3A%2F%2Fwww.w3.org%2F2000%2Fsvg&#039;%20viewBox%3D&#039;0%200%201280%20600&#039;%2F%3E\" class=\"attachment-full size-full preload-me aspect lazy lazy-load\" alt=\"\" sizes=\"(max-width: 1280px) 100vw, 1280px\" style=\"--ratio: 1280 \/ 600;\" data-src=\"https:\/\/www.wintess.com\/wp-content\/uploads\/2020\/07\/DSC_9972.jpg\" loading=\"eager\" data-srcset=\"https:\/\/www.wintess.com\/wp-content\/uploads\/2020\/07\/DSC_9972.jpg 1280w, https:\/\/www.wintess.com\/wp-content\/uploads\/2020\/07\/DSC_9972-300x141.jpg 300w, https:\/\/www.wintess.com\/wp-content\/uploads\/2020\/07\/DSC_9972-1024x480.jpg 1024w, https:\/\/www.wintess.com\/wp-content\/uploads\/2020\/07\/DSC_9972-768x360.jpg 768w\" \/><span class=\"the7-hover-icon\"><i aria-hidden=\"true\" class=\" icomoon-the7-font-the7-plus-04\"><\/i><\/span><\/a>\n\t\t<\/div>\n\t<\/div>\n\n\n<div class=\"post-entry-content\">\n\n\t<h3 class=\"ele-entry-title\"><a href=\"https:\/\/www.wintess.com\/es\/project\/port-residence-dome-izmir\/\" rel=\"bookmark\" title=\"Port Residence Dome, Izmir\">Port Residence Dome, Izmir<\/a><\/h3><div class=\"entry-meta\"><\/div>\n<\/div><\/article><\/div><div class=\"visible wf-cell iso-item category-0\" data-post-id=\"15013\" data-date=\"2020-07-18T10:26:11+03:00\" data-name=\"Anfiteatro Saimekadin, Ankara\"><article class=\"post visible post-15013 dt_portfolio type-dt_portfolio status-publish has-post-thumbnail hentry\" data-name=\"Anfiteatro Saimekadin, Ankara\" data-date=\"2020-07-18T10:26:11+03:00\">\n\n\t<div class=\"post-thumbnail-wrap\">\n\t\t<div class=\"post-thumbnail\">\n\n\t\t\t<a class=\"post-thumbnail-rollover layzr-bg img-css-resize-wrapper\" aria-label=\"Post image\" href=\"https:\/\/www.wintess.com\/es\/project\/anfiteatro-saimekadin-ankara\/\"><img decoding=\"async\" width=\"1280\" height=\"600\" src=\"data:image\/svg+xml,%3Csvg%20xmlns%3D&#039;http%3A%2F%2Fwww.w3.org%2F2000%2Fsvg&#039;%20viewBox%3D&#039;0%200%201280%20600&#039;%2F%3E\" class=\"attachment-full size-full preload-me aspect lazy lazy-load\" alt=\"\" sizes=\"(max-width: 1280px) 100vw, 1280px\" style=\"--ratio: 1280 \/ 600;\" data-src=\"https:\/\/www.wintess.com\/wp-content\/uploads\/2020\/07\/IMG_2117.jpg\" loading=\"eager\" data-srcset=\"https:\/\/www.wintess.com\/wp-content\/uploads\/2020\/07\/IMG_2117.jpg 1280w, https:\/\/www.wintess.com\/wp-content\/uploads\/2020\/07\/IMG_2117-300x141.jpg 300w, https:\/\/www.wintess.com\/wp-content\/uploads\/2020\/07\/IMG_2117-1024x480.jpg 1024w, https:\/\/www.wintess.com\/wp-content\/uploads\/2020\/07\/IMG_2117-768x360.jpg 768w\" \/><span class=\"the7-hover-icon\"><i aria-hidden=\"true\" class=\" icomoon-the7-font-the7-plus-04\"><\/i><\/span><\/a>\n\t\t<\/div>\n\t<\/div>\n\n\n<div class=\"post-entry-content\">\n\n\t<h3 class=\"ele-entry-title\"><a href=\"https:\/\/www.wintess.com\/es\/project\/anfiteatro-saimekadin-ankara\/\" rel=\"bookmark\" title=\"Anfiteatro Saimekadin, Ankara\">Anfiteatro Saimekadin, Ankara<\/a><\/h3><div class=\"entry-meta\"><\/div>\n<\/div><\/article><\/div><div class=\"visible wf-cell iso-item category-0\" data-post-id=\"15011\" data-date=\"2020-07-18T10:24:24+03:00\" data-name=\"Mall of Arabia, Cairo\"><article class=\"post visible no-img post-15011 dt_portfolio type-dt_portfolio status-publish hentry\" data-name=\"Mall of Arabia, Cairo\" data-date=\"2020-07-18T10:24:24+03:00\">\n\n<div class=\"post-entry-content\">\n\n\t<h3 class=\"ele-entry-title\"><a href=\"https:\/\/www.wintess.com\/es\/project\/mall-of-arabia-cairo\/\" rel=\"bookmark\" title=\"Mall of Arabia, Cairo\">Mall of Arabia, Cairo<\/a><\/h3><div class=\"entry-meta\"><\/div>\n<\/div><\/article><\/div><div class=\"hidden wf-cell iso-item category-0\" data-post-id=\"15009\" data-date=\"2020-07-18T10:22:18+03:00\" data-name=\"Vegas Shopping Center, Moscow\"><article class=\"post visible post-15009 dt_portfolio type-dt_portfolio status-publish has-post-thumbnail hentry\" data-name=\"Vegas Shopping Center, Moscow\" data-date=\"2020-07-18T10:22:18+03:00\">\n\n\t<div class=\"post-thumbnail-wrap\">\n\t\t<div class=\"post-thumbnail\">\n\n\t\t\t<a class=\"post-thumbnail-rollover layzr-bg img-css-resize-wrapper\" aria-label=\"Post image\" href=\"https:\/\/www.wintess.com\/es\/project\/vegas-shopping-center-moscow\/\"><img decoding=\"async\" width=\"960\" height=\"400\" src=\"data:image\/svg+xml,%3Csvg%20xmlns%3D&#039;http%3A%2F%2Fwww.w3.org%2F2000%2Fsvg&#039;%20viewBox%3D&#039;0%200%20960%20400&#039;%2F%3E\" class=\"attachment-full size-full preload-me aspect lazy lazy-load\" alt=\"\" sizes=\"(max-width: 960px) 100vw, 960px\" style=\"--ratio: 960 \/ 400;\" data-src=\"https:\/\/www.wintess.com\/wp-content\/uploads\/2020\/07\/IMG_1516.jpg\" loading=\"eager\" data-srcset=\"https:\/\/www.wintess.com\/wp-content\/uploads\/2020\/07\/IMG_1516.jpg 960w, https:\/\/www.wintess.com\/wp-content\/uploads\/2020\/07\/IMG_1516-300x125.jpg 300w, https:\/\/www.wintess.com\/wp-content\/uploads\/2020\/07\/IMG_1516-768x320.jpg 768w\" \/><span class=\"the7-hover-icon\"><i aria-hidden=\"true\" class=\" icomoon-the7-font-the7-plus-04\"><\/i><\/span><\/a>\n\t\t<\/div>\n\t<\/div>\n\n\n<div class=\"post-entry-content\">\n\n\t<h3 class=\"ele-entry-title\"><a href=\"https:\/\/www.wintess.com\/es\/project\/vegas-shopping-center-moscow\/\" rel=\"bookmark\" title=\"Vegas Shopping Center, Moscow\">Vegas Shopping Center, Moscow<\/a><\/h3><div class=\"entry-meta\"><\/div>\n<\/div><\/article><\/div><div class=\"hidden wf-cell iso-item category-0\" data-post-id=\"15006\" data-date=\"2020-07-18T10:14:02+03:00\" data-name=\"Revisi\u00f3n estructural al pabell\u00f3n alem\u00e1n, Expo &#039;67, Montreal\"><article class=\"post visible post-15006 dt_portfolio type-dt_portfolio status-publish has-post-thumbnail hentry\" data-name=\"Revisi\u00f3n estructural al pabell\u00f3n alem\u00e1n, Expo &#8217;67, Montreal\" data-date=\"2020-07-18T10:14:02+03:00\">\n\n\t<div class=\"post-thumbnail-wrap\">\n\t\t<div class=\"post-thumbnail\">\n\n\t\t\t<a class=\"post-thumbnail-rollover layzr-bg img-css-resize-wrapper\" aria-label=\"Post image\" href=\"https:\/\/www.wintess.com\/es\/project\/revision-estructural-al-pabellon-aleman-expo-67-montreal\/\"><img decoding=\"async\" width=\"1754\" height=\"1240\" src=\"data:image\/svg+xml,%3Csvg%20xmlns%3D&#039;http%3A%2F%2Fwww.w3.org%2F2000%2Fsvg&#039;%20viewBox%3D&#039;0%200%201754%201240&#039;%2F%3E\" class=\"attachment-full size-full preload-me aspect lazy lazy-load\" alt=\"\" sizes=\"(max-width: 1754px) 100vw, 1754px\" style=\"--ratio: 1754 \/ 1240;\" data-src=\"https:\/\/www.wintess.com\/wp-content\/uploads\/2020\/07\/Pabell\u00f3n-alem\u00e1n-Frei-Otto-expo-67_Page_095_Image_0001.jpg\" loading=\"eager\" data-srcset=\"https:\/\/www.wintess.com\/wp-content\/uploads\/2020\/07\/Pabell\u00f3n-alem\u00e1n-Frei-Otto-expo-67_Page_095_Image_0001.jpg 1754w, https:\/\/www.wintess.com\/wp-content\/uploads\/2020\/07\/Pabell\u00f3n-alem\u00e1n-Frei-Otto-expo-67_Page_095_Image_0001-300x212.jpg 300w, https:\/\/www.wintess.com\/wp-content\/uploads\/2020\/07\/Pabell\u00f3n-alem\u00e1n-Frei-Otto-expo-67_Page_095_Image_0001-1024x724.jpg 1024w, https:\/\/www.wintess.com\/wp-content\/uploads\/2020\/07\/Pabell\u00f3n-alem\u00e1n-Frei-Otto-expo-67_Page_095_Image_0001-768x543.jpg 768w, https:\/\/www.wintess.com\/wp-content\/uploads\/2020\/07\/Pabell\u00f3n-alem\u00e1n-Frei-Otto-expo-67_Page_095_Image_0001-1536x1086.jpg 1536w\" \/><span class=\"the7-hover-icon\"><i aria-hidden=\"true\" class=\" icomoon-the7-font-the7-plus-04\"><\/i><\/span><\/a>\n\t\t<\/div>\n\t<\/div>\n\n\n<div class=\"post-entry-content\">\n\n\t<h3 class=\"ele-entry-title\"><a href=\"https:\/\/www.wintess.com\/es\/project\/revision-estructural-al-pabellon-aleman-expo-67-montreal\/\" rel=\"bookmark\" title=\"Revisi\u00f3n estructural al pabell\u00f3n alem\u00e1n, Expo &#8217;67, Montreal\">Revisi\u00f3n estructural al pabell\u00f3n alem\u00e1n, Expo &#8217;67, Montreal<\/a><\/h3><div class=\"entry-meta\"><\/div>\n<\/div><\/article><\/div><\/div><!-- iso-container|iso-grid --><div class=\"paginator filter-decorations paginator-more-button filter-pointer-underline filter-animation-fade\">\n\t\t\t\t<a class=\"button-load-more highlighted filter-item\" href=\"javascript:void(0);\" data-dt-page=\"1\" ><span class=\"button-caption\">Cargar m\u00e1s<\/span><\/a>\n\t\t\t<\/div><\/div>\t\t\t\t<\/div>\n\t\t\t\t<\/div>\n\t\t\t\t\t<\/div>\n\t\t<\/div>\n\t\t\t\t\t<\/div>\n\t\t<\/section>\n\t\t\t\t<\/div>\n\t\t","protected":false},"excerpt":{"rendered":"<p>Proyectos seleccionados De vanguardia, funcional y hermoso. Estos son algunos de los proyectos que hemos elaborado con WinTess. \u00a1Echa un vistazo! Structural Revisit to German Pavillion, Expo \u201967, Montreal Vegas Shopping Center, Moscow Bodrum Shopping Center, Bodrum Mall of Arabia, Cairo Saimekadin Amphitheater, Ankara Port Residence Dome, Izmir Military Base Stadium, Ashgabat Load more<\/p>\n","protected":false},"author":1,"featured_media":0,"parent":0,"menu_order":5,"comment_status":"closed","ping_status":"closed","template":"elementor_header_footer","meta":{"footnotes":""},"tags":[],"class_list":["post-6847","page","type-page","status-publish","hentry"],"_links":{"self":[{"href":"https:\/\/www.wintess.com\/es\/wp-json\/wp\/v2\/pages\/6847","targetHints":{"allow":["GET"]}}],"collection":[{"href":"https:\/\/www.wintess.com\/es\/wp-json\/wp\/v2\/pages"}],"about":[{"href":"https:\/\/www.wintess.com\/es\/wp-json\/wp\/v2\/types\/page"}],"author":[{"embeddable":true,"href":"https:\/\/www.wintess.com\/es\/wp-json\/wp\/v2\/users\/1"}],"replies":[{"embeddable":true,"href":"https:\/\/www.wintess.com\/es\/wp-json\/wp\/v2\/comments?post=6847"}],"version-history":[{"count":1,"href":"https:\/\/www.wintess.com\/es\/wp-json\/wp\/v2\/pages\/6847\/revisions"}],"predecessor-version":[{"id":6848,"href":"https:\/\/www.wintess.com\/es\/wp-json\/wp\/v2\/pages\/6847\/revisions\/6848"}],"wp:attachment":[{"href":"https:\/\/www.wintess.com\/es\/wp-json\/wp\/v2\/media?parent=6847"}],"wp:term":[{"taxonomy":"post_tag","embeddable":true,"href":"https:\/\/www.wintess.com\/es\/wp-json\/wp\/v2\/tags?post=6847"}],"curies":[{"name":"wp","href":"https:\/\/api.w.org\/{rel}","templated":true}]}}