{"id":6853,"date":"2020-06-25T16:16:36","date_gmt":"2020-06-25T13:16:36","guid":{"rendered":"https:\/\/www.wintess.com\/videos\/"},"modified":"2020-06-25T16:16:37","modified_gmt":"2020-06-25T13:16:37","slug":"videos","status":"publish","type":"page","link":"https:\/\/www.wintess.com\/es\/apoyo\/videos\/","title":{"rendered":"Videos"},"content":{"rendered":"\t\t<div data-elementor-type=\"wp-page\" data-elementor-id=\"6853\" class=\"elementor elementor-6853 elementor-2839\" data-elementor-post-type=\"page\">\n\t\t\t\t\t\t<section class=\"elementor-section elementor-top-section elementor-element elementor-element-b46207f elementor-section-boxed elementor-section-height-default elementor-section-height-default\" data-id=\"b46207f\" data-element_type=\"section\">\n\t\t\t\t\t\t<div class=\"elementor-container elementor-column-gap-default\">\n\t\t\t\t\t<div class=\"elementor-column elementor-col-100 elementor-top-column elementor-element elementor-element-d5c8dbb\" data-id=\"d5c8dbb\" data-element_type=\"column\">\n\t\t\t<div class=\"elementor-widget-wrap elementor-element-populated\">\n\t\t\t\t\t\t<div class=\"elementor-element elementor-element-78ff443 elementor-tabs-view-horizontal elementor-widget elementor-widget-tabs\" data-id=\"78ff443\" data-element_type=\"widget\" data-widget_type=\"tabs.default\">\n\t\t\t\t<div class=\"elementor-widget-container\">\n\t\t\t\t\t\t\t<div class=\"elementor-tabs\">\n\t\t\t<div class=\"elementor-tabs-wrapper\" role=\"tablist\" >\n\t\t\t\t\t\t\t\t\t<div id=\"elementor-tab-title-1261\" class=\"elementor-tab-title elementor-tab-desktop-title\" aria-selected=\"true\" data-tab=\"1\" role=\"tab\" tabindex=\"0\" aria-controls=\"elementor-tab-content-1261\" aria-expanded=\"false\">Informaci\u00f3n general<\/div>\n\t\t\t\t\t\t\t\t\t<div id=\"elementor-tab-title-1262\" class=\"elementor-tab-title elementor-tab-desktop-title\" aria-selected=\"false\" data-tab=\"2\" role=\"tab\" tabindex=\"-1\" aria-controls=\"elementor-tab-content-1262\" aria-expanded=\"false\">B\u00fasqueda de la forma<\/div>\n\t\t\t\t\t\t\t\t\t<div id=\"elementor-tab-title-1263\" class=\"elementor-tab-title elementor-tab-desktop-title\" aria-selected=\"false\" data-tab=\"3\" role=\"tab\" tabindex=\"-1\" aria-controls=\"elementor-tab-content-1263\" aria-expanded=\"false\">C\u00e1lculo<\/div>\n\t\t\t\t\t\t\t\t\t<div id=\"elementor-tab-title-1264\" class=\"elementor-tab-title elementor-tab-desktop-title\" aria-selected=\"false\" data-tab=\"4\" role=\"tab\" tabindex=\"-1\" aria-controls=\"elementor-tab-content-1264\" aria-expanded=\"false\">Patronaje<\/div>\n\t\t\t\t\t\t\t<\/div>\n\t\t\t<div class=\"elementor-tabs-content-wrapper\" role=\"tablist\" aria-orientation=\"vertical\">\n\t\t\t\t\t\t\t\t\t<div class=\"elementor-tab-title elementor-tab-mobile-title\" aria-selected=\"true\" data-tab=\"1\" role=\"tab\" tabindex=\"0\" aria-controls=\"elementor-tab-content-1261\" aria-expanded=\"false\">Informaci\u00f3n general<\/div>\n\t\t\t\t\t<div id=\"elementor-tab-content-1261\" class=\"elementor-tab-content elementor-clearfix\" data-tab=\"1\" role=\"tabpanel\" aria-labelledby=\"elementor-tab-title-1261\" tabindex=\"0\" hidden=\"false\"><p><div class=\"epyt-gallery\" data-currpage=\"1\" id=\"epyt_gallery_71294\"><div class=\"epyt-video-wrapper\"><iframe  id=\"_ytid_87352\"  width=\"1200\" height=\"675\"  data-origwidth=\"1200\" data-origheight=\"675\" src=\"https:\/\/www.youtube.com\/embed\/?enablejsapi=1&#038;autoplay=0&#038;cc_load_policy=0&#038;cc_lang_pref=&#038;iv_load_policy=1&#038;loop=0&#038;rel=0&#038;fs=1&#038;playsinline=0&#038;autohide=2&#038;theme=dark&#038;color=red&#038;controls=1&#038;disablekb=0&#038;\" class=\"__youtube_prefs__  __youtube_prefs_widget__  no-lazyload\" title=\"YouTube player\"  data-epytgalleryid=\"epyt_gallery_71294\"  allow=\"fullscreen; accelerometer; autoplay; clipboard-write; encrypted-media; gyroscope; picture-in-picture; web-share\" referrerpolicy=\"strict-origin-when-cross-origin\" allowfullscreen data-no-lazy=\"1\" data-skipgform_ajax_framebjll=\"\"><\/iframe><\/div><div class=\"epyt-gallery-subscribe\"><a target=\"_blank\" class=\"epyt-gallery-subbutton\" href=\"https:\/\/www.youtube.com\/channel\/UCX8U73-tMB37lrv-8DG9rdw?sub_confirmation=1\"><img decoding=\"async\" alt=\"subscribe\" src=\"https:\/\/www.wintess.com\/wp-content\/plugins\/youtube-embed-plus\/images\/play-subscribe.png\" \/>Subscribe to WinTess Channel on YouTube<\/a><\/div><div class=\"epyt-gallery-list\"><div>Sorry, there was a YouTube error.<\/div><\/div><\/div><\/p>\n<\/div>\n\t\t\t\t\t\t\t\t\t<div class=\"elementor-tab-title elementor-tab-mobile-title\" aria-selected=\"false\" data-tab=\"2\" role=\"tab\" tabindex=\"-1\" aria-controls=\"elementor-tab-content-1262\" aria-expanded=\"false\">B\u00fasqueda de la forma<\/div>\n\t\t\t\t\t<div id=\"elementor-tab-content-1262\" class=\"elementor-tab-content elementor-clearfix\" data-tab=\"2\" role=\"tabpanel\" aria-labelledby=\"elementor-tab-title-1262\" tabindex=\"0\" hidden=\"hidden\"><p><div class=\"epyt-gallery\" data-currpage=\"1\" id=\"epyt_gallery_66656\"><div class=\"epyt-video-wrapper\"><iframe  id=\"_ytid_72225\"  width=\"1200\" height=\"675\"  data-origwidth=\"1200\" data-origheight=\"675\" src=\"https:\/\/www.youtube.com\/embed\/?enablejsapi=1&#038;autoplay=0&#038;cc_load_policy=0&#038;cc_lang_pref=&#038;iv_load_policy=1&#038;loop=0&#038;rel=0&#038;fs=1&#038;playsinline=0&#038;autohide=2&#038;theme=dark&#038;color=red&#038;controls=1&#038;disablekb=0&#038;\" class=\"__youtube_prefs__  __youtube_prefs_widget__  no-lazyload\" title=\"YouTube player\"  data-epytgalleryid=\"epyt_gallery_66656\"  allow=\"fullscreen; accelerometer; autoplay; clipboard-write; encrypted-media; gyroscope; picture-in-picture; web-share\" referrerpolicy=\"strict-origin-when-cross-origin\" allowfullscreen data-no-lazy=\"1\" data-skipgform_ajax_framebjll=\"\"><\/iframe><\/div><div class=\"epyt-gallery-subscribe\"><a target=\"_blank\" class=\"epyt-gallery-subbutton\" href=\"https:\/\/www.youtube.com\/channel\/UCX8U73-tMB37lrv-8DG9rdw?sub_confirmation=1\"><img decoding=\"async\" alt=\"subscribe\" src=\"https:\/\/www.wintess.com\/wp-content\/plugins\/youtube-embed-plus\/images\/play-subscribe.png\" \/>Subscribe to WinTess Channel on YouTube<\/a><\/div><div class=\"epyt-gallery-list\"><div>Sorry, there was a YouTube error.<\/div><\/div><\/div><\/p>\n<\/div>\n\t\t\t\t\t\t\t\t\t<div class=\"elementor-tab-title elementor-tab-mobile-title\" aria-selected=\"false\" data-tab=\"3\" role=\"tab\" tabindex=\"-1\" aria-controls=\"elementor-tab-content-1263\" aria-expanded=\"false\">C\u00e1lculo<\/div>\n\t\t\t\t\t<div id=\"elementor-tab-content-1263\" class=\"elementor-tab-content elementor-clearfix\" data-tab=\"3\" role=\"tabpanel\" aria-labelledby=\"elementor-tab-title-1263\" tabindex=\"0\" hidden=\"hidden\"><p><div class=\"epyt-gallery\" data-currpage=\"1\" id=\"epyt_gallery_87239\"><div class=\"epyt-video-wrapper\"><iframe  id=\"_ytid_87844\"  width=\"1200\" height=\"675\"  data-origwidth=\"1200\" data-origheight=\"675\" src=\"https:\/\/www.youtube.com\/embed\/?enablejsapi=1&#038;autoplay=0&#038;cc_load_policy=0&#038;cc_lang_pref=&#038;iv_load_policy=1&#038;loop=0&#038;rel=0&#038;fs=1&#038;playsinline=0&#038;autohide=2&#038;theme=dark&#038;color=red&#038;controls=1&#038;disablekb=0&#038;\" class=\"__youtube_prefs__  __youtube_prefs_widget__  no-lazyload\" title=\"YouTube player\"  data-epytgalleryid=\"epyt_gallery_87239\"  allow=\"fullscreen; accelerometer; autoplay; clipboard-write; encrypted-media; gyroscope; picture-in-picture; web-share\" referrerpolicy=\"strict-origin-when-cross-origin\" allowfullscreen data-no-lazy=\"1\" data-skipgform_ajax_framebjll=\"\"><\/iframe><\/div><div class=\"epyt-gallery-subscribe\"><a target=\"_blank\" class=\"epyt-gallery-subbutton\" href=\"https:\/\/www.youtube.com\/channel\/UCX8U73-tMB37lrv-8DG9rdw?sub_confirmation=1\"><img decoding=\"async\" alt=\"subscribe\" src=\"https:\/\/www.wintess.com\/wp-content\/plugins\/youtube-embed-plus\/images\/play-subscribe.png\" \/>Subscribe to WinTess Channel on YouTube<\/a><\/div><div class=\"epyt-gallery-list\"><div>Sorry, there was a YouTube error.<\/div><\/div><\/div><\/p>\n<\/div>\n\t\t\t\t\t\t\t\t\t<div class=\"elementor-tab-title elementor-tab-mobile-title\" aria-selected=\"false\" data-tab=\"4\" role=\"tab\" tabindex=\"-1\" aria-controls=\"elementor-tab-content-1264\" aria-expanded=\"false\">Patronaje<\/div>\n\t\t\t\t\t<div id=\"elementor-tab-content-1264\" class=\"elementor-tab-content elementor-clearfix\" data-tab=\"4\" role=\"tabpanel\" aria-labelledby=\"elementor-tab-title-1264\" tabindex=\"0\" hidden=\"hidden\"><p><div class=\"epyt-gallery\" data-currpage=\"1\" id=\"epyt_gallery_16748\"><div class=\"epyt-video-wrapper\"><iframe  id=\"_ytid_67022\"  width=\"1200\" height=\"675\"  data-origwidth=\"1200\" data-origheight=\"675\" src=\"https:\/\/www.youtube.com\/embed\/?enablejsapi=1&#038;autoplay=0&#038;cc_load_policy=0&#038;cc_lang_pref=&#038;iv_load_policy=1&#038;loop=0&#038;rel=0&#038;fs=1&#038;playsinline=0&#038;autohide=2&#038;theme=dark&#038;color=red&#038;controls=1&#038;disablekb=0&#038;\" class=\"__youtube_prefs__  __youtube_prefs_widget__  no-lazyload\" title=\"YouTube player\"  data-epytgalleryid=\"epyt_gallery_16748\"  allow=\"fullscreen; accelerometer; autoplay; clipboard-write; encrypted-media; gyroscope; picture-in-picture; web-share\" referrerpolicy=\"strict-origin-when-cross-origin\" allowfullscreen data-no-lazy=\"1\" data-skipgform_ajax_framebjll=\"\"><\/iframe><\/div><div class=\"epyt-gallery-subscribe\"><a target=\"_blank\" class=\"epyt-gallery-subbutton\" href=\"https:\/\/www.youtube.com\/channel\/UCX8U73-tMB37lrv-8DG9rdw?sub_confirmation=1\"><img decoding=\"async\" alt=\"subscribe\" src=\"https:\/\/www.wintess.com\/wp-content\/plugins\/youtube-embed-plus\/images\/play-subscribe.png\" \/>Subscribe to WinTess Channel on YouTube<\/a><\/div><div class=\"epyt-gallery-list\"><div>Sorry, there was a YouTube error.<\/div><\/div><\/div><\/p>\n<\/div>\n\t\t\t\t\t\t\t<\/div>\n\t\t<\/div>\n\t\t\t\t\t\t<\/div>\n\t\t\t\t<\/div>\n\t\t\t\t\t<\/div>\n\t\t<\/div>\n\t\t\t\t\t<\/div>\n\t\t<\/section>\n\t\t\t\t<\/div>\n\t\t","protected":false},"excerpt":{"rendered":"<p>Informaci\u00f3n general B\u00fasqueda de la forma C\u00e1lculo Patronaje Informaci\u00f3n general Subscribe to WinTess&laquo; Prev1 \/ 1Next &raquo;WinTess: Quick and easy way of rendering with background pictureWinTess: How to measure distancesWinTess: Checking Sun shadow using location, day of year, time and elevationWinTess: Changing center of co-ordinate systemWinTess: Add, delete nodes and barsWinTess: Editing nodes and bars&hellip;<\/p>\n","protected":false},"author":1,"featured_media":0,"parent":10076,"menu_order":0,"comment_status":"closed","ping_status":"closed","template":"","meta":{"footnotes":""},"tags":[],"class_list":["post-6853","page","type-page","status-publish","hentry"],"_links":{"self":[{"href":"https:\/\/www.wintess.com\/es\/wp-json\/wp\/v2\/pages\/6853","targetHints":{"allow":["GET"]}}],"collection":[{"href":"https:\/\/www.wintess.com\/es\/wp-json\/wp\/v2\/pages"}],"about":[{"href":"https:\/\/www.wintess.com\/es\/wp-json\/wp\/v2\/types\/page"}],"author":[{"embeddable":true,"href":"https:\/\/www.wintess.com\/es\/wp-json\/wp\/v2\/users\/1"}],"replies":[{"embeddable":true,"href":"https:\/\/www.wintess.com\/es\/wp-json\/wp\/v2\/comments?post=6853"}],"version-history":[{"count":1,"href":"https:\/\/www.wintess.com\/es\/wp-json\/wp\/v2\/pages\/6853\/revisions"}],"predecessor-version":[{"id":6854,"href":"https:\/\/www.wintess.com\/es\/wp-json\/wp\/v2\/pages\/6853\/revisions\/6854"}],"up":[{"embeddable":true,"href":"https:\/\/www.wintess.com\/es\/wp-json\/wp\/v2\/pages\/10076"}],"wp:attachment":[{"href":"https:\/\/www.wintess.com\/es\/wp-json\/wp\/v2\/media?parent=6853"}],"wp:term":[{"taxonomy":"post_tag","embeddable":true,"href":"https:\/\/www.wintess.com\/es\/wp-json\/wp\/v2\/tags?post=6853"}],"curies":[{"name":"wp","href":"https:\/\/api.w.org\/{rel}","templated":true}]}}