{"id":6855,"date":"2020-06-25T16:18:20","date_gmt":"2020-06-25T13:18:20","guid":{"rendered":"https:\/\/www.wintess.com\/resumenes\/"},"modified":"2020-07-18T10:56:58","modified_gmt":"2020-07-18T07:56:58","slug":"puntos-destacados","status":"publish","type":"page","link":"https:\/\/www.wintess.com\/es\/puntos-destacados\/","title":{"rendered":"Puntos destacados"},"content":{"rendered":"\t\t<div data-elementor-type=\"wp-page\" data-elementor-id=\"6855\" class=\"elementor elementor-6855 elementor-2802\" data-elementor-post-type=\"page\">\n\t\t\t\t\t\t<section class=\"elementor-section elementor-top-section elementor-element elementor-element-8f1623f elementor-section-boxed elementor-section-height-default elementor-section-height-default\" data-id=\"8f1623f\" data-element_type=\"section\">\n\t\t\t\t\t\t<div class=\"elementor-container elementor-column-gap-default\">\n\t\t\t\t\t<div class=\"elementor-column elementor-col-100 elementor-top-column elementor-element elementor-element-46f3dd2\" data-id=\"46f3dd2\" data-element_type=\"column\">\n\t\t\t<div class=\"elementor-widget-wrap elementor-element-populated\">\n\t\t\t\t\t\t<div class=\"elementor-element elementor-element-f1f9ee9 elementor-widget elementor-widget-text-editor\" data-id=\"f1f9ee9\" data-element_type=\"widget\" data-widget_type=\"text-editor.default\">\n\t\t\t\t<div class=\"elementor-widget-container\">\n\t\t\t\t\t\t\t\t\t<h4><strong>Algunas de las caracter\u00edsticas:<\/strong><\/h4>\n<div class=\"bullet\">\n<ul>\n<li>Junto con la asignaci\u00f3n <strong>C <em><sub>p<\/sub> <\/em> manual,<\/strong> WinTess tambi\u00e9n tiene la capacidad de asignar valores <strong> <em>C<sub>p<\/sub> <\/em> autom\u00e1ticamente.<\/strong> Aunque el uso de pruebas de t\u00fanel de viento, an\u00e1lisis CFD, etc. es la forma de m\u00e9todo preferido para obtener valores <em>C<sub>p,<\/sub> <\/em> el m\u00e9todo de asignaci\u00f3n <strong>autom\u00e1tica C <em><sub>p<\/sub> <\/em> <\/strong> de WinTess proporciona una forma f\u00e1cil y aproximada de analizar en ausencia de prueba de t\u00fanel de viento o an\u00e1lisis CFD.<\/li>\n<li>En caso de que se utilice <em>C<sub>p<\/sub> <\/em> autom\u00e1tica, WinTess cambia din\u00e1micamente los valores <strong>de C <em><sub>p<\/sub> <\/em> <\/strong> en cada iteraci\u00f3n seg\u00fan la desviaci\u00f3n de la superficie bajo cargas de viento. Por lo tanto, WinTess se esfuerza por utilizar <em>la C<sub>p<\/sub> <\/em> correcta en todo momento en relaci\u00f3n con <em>la C p<sub>autom\u00e1tica.<\/sub> <\/em><\/li>\n<li>F\u00e1cil introducci\u00f3n de valores de nieve, viento y presi\u00f3n interna. La carga de viento (<em>C<sub>p<\/sub><\/em>) se puede aplicar de diferentes maneras, por lo que es f\u00e1cil seguir cualquier est\u00e1ndar o c\u00f3digo<strong> nacional.<\/strong><\/li>\n<li>Gracias a las implementaciones inteligentes de WinTess de <strong>factores<\/strong> de seguridad y bases de datos de <strong>materiales<\/strong> para membranas, cables y tubos, WinTess automatiza en gran medida la selecci\u00f3n del mejor tama\u00f1o (di\u00e1metro, espesor, etc.) para cada material utilizado.<\/li>\n<li><strong>Foundation analysis<\/strong> is possible with WinTess. Por lo tanto, puede decidir f\u00e1cilmente las dimensiones de los cimientos necesarios para la estructura.<\/li>\n<li>Un <strong>an\u00e1lisis detallado de la sombra solar<\/strong> es posible seg\u00fan la latitud, el d\u00eda del a\u00f1o, la hora del d\u00eda y la elevaci\u00f3n. As\u00ed que usted puede decidir f\u00e1cilmente si la estructura de la membrana proporciona suficiente sombra para ese proyecto espec\u00edfico teniendo en cuenta la ubicaci\u00f3n, la temporada y, por ejemplo, la altura sentada.<\/li>\n<li>Un <strong>an\u00e1lisis detallado del flujo de lluvia<\/strong> es posible con valores gr\u00e1ficos y num\u00e9ricos. Por lo tanto, puede identificar ubicaciones de drenaje de lluvia en la superficie de la membrana y su intensidad.<\/li>\n<li>WinTess se desarrolla como un programa bastante <strong>intuitivo<\/strong> y f\u00e1cil de <strong>usar<\/strong> desde el principio.<\/li>\n<li>Es posible un an\u00e1lisis integrado de membrana con <strong>estructura de acero.<\/strong> Esto proporciona econom\u00eda en elementos estructurales.<\/li>\n<li>La <strong>pretensi\u00f3n de<\/strong> membrana se aplica en <strong>el an\u00e1lisis y el patr\u00f3n con un solo valor.<\/strong><\/li>\n<li>Puede <strong>exportar e importar<\/strong> archivos DXF.<\/li>\n<li>Es posible <strong>combinar<\/strong> diferentes proyectos de WinTess.<\/li>\n<li>Puede <strong>escalar, girar y mover<\/strong> f\u00e1cilmente la estructura como un todo.<\/li>\n<li>Es muy f\u00e1cil desarrollar <strong>proyectos WinTess basados en par\u00e1metros<\/strong> para paraboloides hiperb\u00f3licos, conoides, 2 arcos, esquina neum\u00e1tica, c\u00fapula esf\u00e9rica, cable, estructuras de tipo catenoides. Esto le permite iniciar la fabricaci\u00f3n en cuesti\u00f3n de minutos a partir del dise\u00f1o.<\/li>\n<li>Es posible desarrollar y utilizar <strong>sus propias bases de datos<\/strong> para cables, membranas y tubos disponibles en su mercado local o en su tienda.<\/li>\n<li>Puede desarrollar <strong>columnas de celos\u00eda (ent)<\/strong>. Por lo tanto, puede transformar f\u00e1cilmente columnas de tubos rectos en m\u00e1stiles de celos\u00eda.<\/li>\n<li>Puede desarrollar f\u00e1cilmente <strong>tr\u00edpodes<\/strong> (m\u00e1stil y dos cables o m\u00e1stil y dos tubos en el per\u00edmetro).<\/li>\n<li>Es posible comprobar la <strong>calidad del patr\u00f3n.<\/strong> Por lo tanto, puede identificar \u00e1reas problem\u00e1ticas en la superficie de la membrana antes de cortar la membrana.<\/li>\n<li>Es posible exportar patrones en <strong>formato DXF.<\/strong> Por lo tanto, se puede utilizar en su m\u00e1quina de corte CNC, ya que se puede importar a casi todo el software de la m\u00e1quina de corte CNC.<\/li>\n<li><strong>Es<\/strong> posible desplazar los patrones. Por lo tanto, puede hacer concesiones para los bolsillos y los anchos de costura.<\/li>\n<li>Es f\u00e1cil comprobar contra el problema <strong>de encharcamiento<\/strong> utilizando l\u00edneas de altura iso con ot sin ninguna carga.<\/li>\n<li><strong>Representaci\u00f3n gr\u00e1fica<\/strong> (con valores) de cargas axiales, momentos, secciones, cargas aplicadas, reacciones y cargas desequilibradas.<\/li>\n<li>Comprobaci\u00f3n r\u00e1pida <strong>de las relaciones<\/strong> (capacidad utilizada de cada elemento de la estructura) mediante codificaci\u00f3n de color.<\/li>\n<li><strong>Es<\/strong> posible insertar y fusionar diferentes estructuras de membrana.<\/li>\n<li>WinTess tiene una capacidad de <strong>renderizado<\/strong> muy f\u00e1cil de usar y simple. Incluso puede utilizar una imagen real de como fondo para su estructura de membrana prospectiva. Esto puede ayudarle en gran medida a presentar su idea a su cliente en poco tiempo.<\/li>\n<li><strong>Las combinaciones de carga<\/strong> son posibles para encontrar los elementos m\u00e1s cr\u00edticos.<\/li>\n<li>WinTess tiene <strong>extensas p\u00e1ginas de<\/strong>ayuda, <strong>manuales <\/strong>y <strong>p\u00e1ginas de blog.<\/strong><\/li>\n<li>Despu\u00e9s de todo, no tienes que comprar WinTess. Usted puede obtener una licencia <strong>s\u00f3lo por un mes<\/strong> y ver si funciona por s\u00ed mismo. Con mucho gusto podemos ofrecer esto ya que estamos seguros con WinTess.<\/li>\n<\/ul>\n<\/div>\n\t\t\t\t\t\t\t\t<\/div>\n\t\t\t\t<\/div>\n\t\t\t\t\t<\/div>\n\t\t<\/div>\n\t\t\t\t\t<\/div>\n\t\t<\/section>\n\t\t\t\t<\/div>\n\t\t","protected":false},"excerpt":{"rendered":"<p>Algunas de las caracter\u00edsticas: Junto con la asignaci\u00f3n C p manual, WinTess tambi\u00e9n tiene la capacidad de asignar valores Cp autom\u00e1ticamente. Aunque el uso de pruebas de t\u00fanel de viento, an\u00e1lisis CFD, etc. es la forma de m\u00e9todo preferido para obtener valores Cp, el m\u00e9todo de asignaci\u00f3n autom\u00e1tica C p de WinTess proporciona una forma&hellip;<\/p>\n","protected":false},"author":1,"featured_media":0,"parent":0,"menu_order":0,"comment_status":"closed","ping_status":"closed","template":"","meta":{"footnotes":""},"tags":[],"class_list":["post-6855","page","type-page","status-publish","hentry"],"_links":{"self":[{"href":"https:\/\/www.wintess.com\/es\/wp-json\/wp\/v2\/pages\/6855","targetHints":{"allow":["GET"]}}],"collection":[{"href":"https:\/\/www.wintess.com\/es\/wp-json\/wp\/v2\/pages"}],"about":[{"href":"https:\/\/www.wintess.com\/es\/wp-json\/wp\/v2\/types\/page"}],"author":[{"embeddable":true,"href":"https:\/\/www.wintess.com\/es\/wp-json\/wp\/v2\/users\/1"}],"replies":[{"embeddable":true,"href":"https:\/\/www.wintess.com\/es\/wp-json\/wp\/v2\/comments?post=6855"}],"version-history":[{"count":2,"href":"https:\/\/www.wintess.com\/es\/wp-json\/wp\/v2\/pages\/6855\/revisions"}],"predecessor-version":[{"id":15022,"href":"https:\/\/www.wintess.com\/es\/wp-json\/wp\/v2\/pages\/6855\/revisions\/15022"}],"wp:attachment":[{"href":"https:\/\/www.wintess.com\/es\/wp-json\/wp\/v2\/media?parent=6855"}],"wp:term":[{"taxonomy":"post_tag","embeddable":true,"href":"https:\/\/www.wintess.com\/es\/wp-json\/wp\/v2\/tags?post=6855"}],"curies":[{"name":"wp","href":"https:\/\/api.w.org\/{rel}","templated":true}]}}