{"id":6857,"date":"2020-06-25T16:25:38","date_gmt":"2020-06-25T13:25:38","guid":{"rendered":"https:\/\/www.wintess.com\/busqueda-de-la-forma\/"},"modified":"2020-07-18T09:29:45","modified_gmt":"2020-07-18T06:29:45","slug":"busqueda-de-la-forma","status":"publish","type":"page","link":"https:\/\/www.wintess.com\/es\/estados-del-programa\/busqueda-de-la-forma\/","title":{"rendered":"B\u00fasqueda de la forma"},"content":{"rendered":"\t\t<div data-elementor-type=\"wp-page\" data-elementor-id=\"6857\" class=\"elementor elementor-6857 elementor-2808\" data-elementor-post-type=\"page\">\n\t\t\t\t\t\t<section class=\"elementor-section elementor-top-section elementor-element elementor-element-88a30d4 elementor-section-boxed elementor-section-height-default elementor-section-height-default\" data-id=\"88a30d4\" data-element_type=\"section\">\n\t\t\t\t\t\t<div class=\"elementor-container elementor-column-gap-default\">\n\t\t\t\t\t<div class=\"elementor-column elementor-col-100 elementor-top-column elementor-element elementor-element-0603e13\" data-id=\"0603e13\" data-element_type=\"column\">\n\t\t\t<div class=\"elementor-widget-wrap elementor-element-populated\">\n\t\t\t\t\t\t<div class=\"elementor-element elementor-element-f72418f elementor-widget elementor-widget-text-editor\" data-id=\"f72418f\" data-element_type=\"widget\" data-widget_type=\"text-editor.default\">\n\t\t\t\t<div class=\"elementor-widget-container\">\n\t\t\t\t\t\t\t\t\t<h4>En busca de la forma: est\u00e9tica y resistencia<\/h4><p><img fetchpriority=\"high\" decoding=\"async\" class=\"alignright size-medium wp-image-12267\" src=\"https:\/\/www.wintess.com\/wp-content\/uploads\/2020\/07\/form1-300x173.jpg\" alt=\"\" width=\"300\" height=\"173\" srcset=\"https:\/\/www.wintess.com\/wp-content\/uploads\/2020\/07\/form1-300x173.jpg 300w, https:\/\/www.wintess.com\/wp-content\/uploads\/2020\/07\/form1.jpg 424w\" sizes=\"(max-width: 300px) 100vw, 300px\" \/>La b\u00fasqueda de la forma en las estructuras tensadas es una de las tareas b\u00e1sicas en el dise\u00f1o de dichas estructuras, es decir de aquellas hechas con membranas, cables, etc. La \u201cb\u00fasqueda de la forma\u201d es un proceso que trata de hallar una forma de estructura capaz de soportar las cargas que se le apliquen con unas garant\u00edas de comportamiento tensional y de deformaci\u00f3n limitada, da al material un uso uniforme y satisface los requerimientos est\u00e9ticos. El arte de la b\u00fasqueda de la forma significa hallar la forma final \u00f3ptima de acuerdo a una distribuci\u00f3n de tensiones uniforme con las acciones que van a actuar sobre ella.<\/p><p>Obtener la forma de una estructura tensada completa no tiene un m\u00e9todo directo, ya que f\u00e1cilmente puede acabar en una superficie alabeada y arrugada incluso solamente con su peso propio. La b\u00fasqueda de la forma es un proceso que implica adaptarse a las leyes f\u00edsicas. Usar un programa de simulaci\u00f3n es ciertamente el m\u00e9todo m\u00e1s usado actualmente en el campo profesional. Todo ello debido a la rapidez y a la posibilidad de continuar con la producci\u00f3n (del dise\u00f1o a la fabricaci\u00f3n). Sin embargo, gran parte del \u00e9xito en esta b\u00fasqueda depende de la calidad del programa utilizado.<\/p><p>WinTess usa dos m\u00e9todos de b\u00fasqueda de la forma:<\/p><p>\u2013 Densidad de fuerza<br style=\"outline: none 0px;\" \/>\u2013 Deformaci\u00f3n por acciones<\/p>\t\t\t\t\t\t\t\t<\/div>\n\t\t\t\t<\/div>\n\t\t\t\t\t<\/div>\n\t\t<\/div>\n\t\t\t\t\t<\/div>\n\t\t<\/section>\n\t\t\t\t<\/div>\n\t\t","protected":false},"excerpt":{"rendered":"<p>En busca de la forma: est\u00e9tica y resistencia La b\u00fasqueda de la forma en las estructuras tensadas es una de las tareas b\u00e1sicas en el dise\u00f1o de dichas estructuras, es decir de aquellas hechas con membranas, cables, etc. La \u201cb\u00fasqueda de la forma\u201d es un proceso que trata de hallar una forma de estructura capaz&hellip;<\/p>\n","protected":false},"author":1,"featured_media":0,"parent":10077,"menu_order":0,"comment_status":"closed","ping_status":"closed","template":"","meta":{"footnotes":""},"tags":[162],"class_list":["post-6857","page","type-page","status-publish","hentry","tag-busqueda-de-la-forma"],"_links":{"self":[{"href":"https:\/\/www.wintess.com\/es\/wp-json\/wp\/v2\/pages\/6857","targetHints":{"allow":["GET"]}}],"collection":[{"href":"https:\/\/www.wintess.com\/es\/wp-json\/wp\/v2\/pages"}],"about":[{"href":"https:\/\/www.wintess.com\/es\/wp-json\/wp\/v2\/types\/page"}],"author":[{"embeddable":true,"href":"https:\/\/www.wintess.com\/es\/wp-json\/wp\/v2\/users\/1"}],"replies":[{"embeddable":true,"href":"https:\/\/www.wintess.com\/es\/wp-json\/wp\/v2\/comments?post=6857"}],"version-history":[{"count":2,"href":"https:\/\/www.wintess.com\/es\/wp-json\/wp\/v2\/pages\/6857\/revisions"}],"predecessor-version":[{"id":14979,"href":"https:\/\/www.wintess.com\/es\/wp-json\/wp\/v2\/pages\/6857\/revisions\/14979"}],"up":[{"embeddable":true,"href":"https:\/\/www.wintess.com\/es\/wp-json\/wp\/v2\/pages\/10077"}],"wp:attachment":[{"href":"https:\/\/www.wintess.com\/es\/wp-json\/wp\/v2\/media?parent=6857"}],"wp:term":[{"taxonomy":"post_tag","embeddable":true,"href":"https:\/\/www.wintess.com\/es\/wp-json\/wp\/v2\/tags?post=6857"}],"curies":[{"name":"wp","href":"https:\/\/api.w.org\/{rel}","templated":true}]}}