{"id":6861,"date":"2020-06-25T16:37:31","date_gmt":"2020-06-25T13:37:31","guid":{"rendered":"https:\/\/www.wintess.com\/calculo\/"},"modified":"2020-07-18T11:11:41","modified_gmt":"2020-07-18T08:11:41","slug":"calculo","status":"publish","type":"page","link":"https:\/\/www.wintess.com\/es\/estados-del-programa\/calculo\/","title":{"rendered":"C\u00e1lculo"},"content":{"rendered":"\t\t<div data-elementor-type=\"wp-page\" data-elementor-id=\"6861\" class=\"elementor elementor-6861 elementor-2810\" data-elementor-post-type=\"page\">\n\t\t\t\t\t\t<section class=\"elementor-section elementor-top-section elementor-element elementor-element-363d1ef elementor-section-boxed elementor-section-height-default elementor-section-height-default\" data-id=\"363d1ef\" data-element_type=\"section\">\n\t\t\t\t\t\t<div class=\"elementor-container elementor-column-gap-default\">\n\t\t\t\t\t<div class=\"elementor-column elementor-col-100 elementor-top-column elementor-element elementor-element-913b6c3\" data-id=\"913b6c3\" data-element_type=\"column\">\n\t\t\t<div class=\"elementor-widget-wrap elementor-element-populated\">\n\t\t\t\t\t\t<div class=\"elementor-element elementor-element-82daea4 elementor-widget elementor-widget-text-editor\" data-id=\"82daea4\" data-element_type=\"widget\" data-widget_type=\"text-editor.default\">\n\t\t\t\t<div class=\"elementor-widget-container\">\n\t\t\t\t\t\t\t\t\t<h4>\u00bfC\u00f3mo calculamos?<\/h4>\n<p><img decoding=\"async\" class=\"alignright size-full wp-image-12848\" src=\"https:\/\/www.wintess.com\/wp-content\/uploads\/2020\/07\/ratio2.png\" alt=\"\" width=\"254\" height=\"190\">Los programas de c\u00e1lculo utilizados en arquitectura o ingenier\u00eda no son, generalmente, \u00fatiles para el c\u00e1lculo de estructuras tensadas. Muchos de estos programas se estructuran en las llamadas \u201csuites\u201d que consisten en m\u00f3dulos m\u00e1s o menos independientes, y algunos incluyen las estructuras tensadas. WinTess, en cambio, es un programa especializado dedicado justo a las estructuras tensadas de membrana.<\/p>\n<p>Las razones de usar un programa especializado son:<\/p>\n<ul>\n<li>velocidad<\/li>\n<li>exactitud<\/li>\n<li>mayor precisi\u00f3n en el valor de las deformaciones<\/li>\n<li>cumplimiento de ciertas normas t\u00e9cnicas<\/li>\n<\/ul>\n<p><strong style=\"outline: none 0px; border: 0px; vertical-align: baseline;\">M\u00e9todos de c\u00e1lculo<\/strong><\/p>\n<p>Las estructuras tensadas tienen dos caracter\u00edsticas propias importantes:<\/p>\n<ul>\n<li>Pueden tenr grandes desplazamientos bajo ciertas acciones.<\/li>\n<li>Estas compuestas de una serie de objetos que solamente pueden soportar tracciones. Si estos objetos se someten a esfuerzos diferentes (compresi\u00f3n, flexi\u00f3n, etc), colapsan y dejan de participar en la estructura como elementos resistentes (cable doblado, membrana arrugada, etc.)<\/li>\n<\/ul>\n<p>Ambas caracter\u00edsticas generar\u00e1n un comportamiento no lineal de la estructura. Ya no podemos usar un enfoque directamente proporcional, tal como lo hacemos en la mayor\u00eda de estructuras en arquitectura,compuestas por elementos de acero, hormig\u00f3n armado, madera, etc. Ello nos lleva a un punto donde \u201cel doble de carga produce el doble de deformaci\u00f3n\u201d ya no es v\u00e1lido. Para afrontar el c\u00e1lculo de este tipo de estructuras no lineales, WinTess usa m\u00e9todos num\u00e9ricos no lineales dise\u00f1ados y desarrollados exclusivamente para estructuras tensadas de membranas y cables.<\/p>\n<p>WinTess clasifica los componentes de las estructuras en objetos: barras (cables, tubos \u2026) y elementos (superficies). WinTess puede usar diferentes m\u00e9todos iterativos para ejecutar an\u00e1lisis no lineal tales como rigidez matricial, relajaci\u00f3n din\u00e1mica o densidad de fuerza. Aunque en general el m\u00e9todo matricial es el predilecto por su mayor rapidez en la resoluci\u00f3n del c\u00e1lculo.<\/p>\n\t\t\t\t\t\t\t\t<\/div>\n\t\t\t\t<\/div>\n\t\t\t\t\t<\/div>\n\t\t<\/div>\n\t\t\t\t\t<\/div>\n\t\t<\/section>\n\t\t\t\t<\/div>\n\t\t","protected":false},"excerpt":{"rendered":"<p>\u00bfC\u00f3mo calculamos? Los programas de c\u00e1lculo utilizados en arquitectura o ingenier\u00eda no son, generalmente, \u00fatiles para el c\u00e1lculo de estructuras tensadas. Muchos de estos programas se estructuran en las llamadas \u201csuites\u201d que consisten en m\u00f3dulos m\u00e1s o menos independientes, y algunos incluyen las estructuras tensadas. WinTess, en cambio, es un programa especializado dedicado justo a&hellip;<\/p>\n","protected":false},"author":1,"featured_media":0,"parent":10077,"menu_order":0,"comment_status":"closed","ping_status":"closed","template":"","meta":{"footnotes":""},"tags":[163],"class_list":["post-6861","page","type-page","status-publish","hentry","tag-calculo"],"_links":{"self":[{"href":"https:\/\/www.wintess.com\/es\/wp-json\/wp\/v2\/pages\/6861","targetHints":{"allow":["GET"]}}],"collection":[{"href":"https:\/\/www.wintess.com\/es\/wp-json\/wp\/v2\/pages"}],"about":[{"href":"https:\/\/www.wintess.com\/es\/wp-json\/wp\/v2\/types\/page"}],"author":[{"embeddable":true,"href":"https:\/\/www.wintess.com\/es\/wp-json\/wp\/v2\/users\/1"}],"replies":[{"embeddable":true,"href":"https:\/\/www.wintess.com\/es\/wp-json\/wp\/v2\/comments?post=6861"}],"version-history":[{"count":3,"href":"https:\/\/www.wintess.com\/es\/wp-json\/wp\/v2\/pages\/6861\/revisions"}],"predecessor-version":[{"id":15026,"href":"https:\/\/www.wintess.com\/es\/wp-json\/wp\/v2\/pages\/6861\/revisions\/15026"}],"up":[{"embeddable":true,"href":"https:\/\/www.wintess.com\/es\/wp-json\/wp\/v2\/pages\/10077"}],"wp:attachment":[{"href":"https:\/\/www.wintess.com\/es\/wp-json\/wp\/v2\/media?parent=6861"}],"wp:term":[{"taxonomy":"post_tag","embeddable":true,"href":"https:\/\/www.wintess.com\/es\/wp-json\/wp\/v2\/tags?post=6861"}],"curies":[{"name":"wp","href":"https:\/\/api.w.org\/{rel}","templated":true}]}}