{"id":6865,"date":"2020-06-25T16:45:14","date_gmt":"2020-06-25T13:45:14","guid":{"rendered":"https:\/\/www.wintess.com\/patronaje\/"},"modified":"2020-07-18T09:31:28","modified_gmt":"2020-07-18T06:31:28","slug":"patronaje","status":"publish","type":"page","link":"https:\/\/www.wintess.com\/es\/estados-del-programa\/patronaje\/","title":{"rendered":"Patronaje"},"content":{"rendered":"\t\t<div data-elementor-type=\"wp-page\" data-elementor-id=\"6865\" class=\"elementor elementor-6865 elementor-2812\" data-elementor-post-type=\"page\">\n\t\t\t\t\t\t<section class=\"elementor-section elementor-top-section elementor-element elementor-element-209b5c0 elementor-section-boxed elementor-section-height-default elementor-section-height-default\" data-id=\"209b5c0\" data-element_type=\"section\">\n\t\t\t\t\t\t<div class=\"elementor-container elementor-column-gap-default\">\n\t\t\t\t\t<div class=\"elementor-column elementor-col-100 elementor-top-column elementor-element elementor-element-22f5d94\" data-id=\"22f5d94\" data-element_type=\"column\">\n\t\t\t<div class=\"elementor-widget-wrap elementor-element-populated\">\n\t\t\t\t\t\t<div class=\"elementor-element elementor-element-beb3157 elementor-widget elementor-widget-text-editor\" data-id=\"beb3157\" data-element_type=\"widget\" data-widget_type=\"text-editor.default\">\n\t\t\t\t<div class=\"elementor-widget-container\">\n\t\t\t\t\t\t\t\t\t<h4>Trasladando estructuras 3D a rollos de tela en 2D<\/h4><p><img fetchpriority=\"high\" decoding=\"async\" class=\"alignright size-medium wp-image-12267\" src=\"https:\/\/www.wintess.com\/wp-content\/uploads\/2020\/07\/form1-300x173.jpg\" alt=\"\" width=\"300\" height=\"173\" srcset=\"https:\/\/www.wintess.com\/wp-content\/uploads\/2020\/07\/form1-300x173.jpg 300w, https:\/\/www.wintess.com\/wp-content\/uploads\/2020\/07\/form1.jpg 424w\" sizes=\"(max-width: 300px) 100vw, 300px\" \/>Las superficies de membrana casi nunca son planas. En realidad no lo deber\u00edan ser nunca. Son superficies alabeadas. Estas superficies pueden clasificarse en dos grupos:<\/p><p><strong style=\"outline: none 0px; border: 0px; vertical-align: baseline;\">\u2013 Superficies sincl\u00e1sticas<\/strong><\/p><p>Tienen el mismo tipo de curvatura en todos los puntos. Esto es, si cortamos la superficie con un plano perpendicular a dicha superficie la intersecci\u00f3n es una curva que presenta siempre la concavidad hacia el mismo lado de la superficie.<\/p><p><strong style=\"outline: none 0px; border: 0px; vertical-align: baseline;\">\u2013 Superficies anticl\u00e1sticas<\/strong><\/p><p>Son aquellas que tienen en todos los puntos una doble curvatura de sentido opuesto. Significa que un plano perpendicular a la superficie produce una l\u00ednea con la concavidad hacia un lado, mientras que un plano perpendicular a la superficie y perpendicular al plano anterior produce una l\u00ednea con la concavidad hacia el lado opuesto.<\/p><p>Cualquiera que sea la superficie, necesitamos formarla mediante patrones obtenidos de una membrana plana, generalmente servida en rollos. El patronaje es un proceso muy importante en la fabricaci\u00f3n de membranas tensadas. Un patronaje incorrecto producir\u00e1 arrugas, afectar\u00e1 a la calidad est\u00e9tica, dar\u00e1 problemas estructurales, aumentar\u00e1 el material sobrante, etc.<\/p><p>El proceso par encontrar estos patrones planos se consigue mediante el m\u00f3dulo de patronaje en WinTess. El m\u00e9todo usado en WinTess para transponer una forma alabeada a otra plana implica dividir la forma alabeada en tri\u00e1ngulos.Los tri\u00e1ngulos son siempre planos, as\u00ed si transponemos tri\u00e1ngulos adyacentes uo junto a otro, obtenemos una forma geom\u00e9trica que llamamos patr\u00f3n, qu\u00e9 es lo que estamos buscando. Cuanto m\u00e1s peque\u00f1os sean estos tri\u00e1ngulos, m\u00e1s ajustado y fiel ser\u00e1 el patr\u00f3n. WinTess tiene varios m\u00e9todos para desarrollar patrones desde una estructura de membrana 3D. El usuario puede elegir el que prefiera en cada proyecto.<\/p>\t\t\t\t\t\t\t\t<\/div>\n\t\t\t\t<\/div>\n\t\t\t\t\t<\/div>\n\t\t<\/div>\n\t\t\t\t\t<\/div>\n\t\t<\/section>\n\t\t\t\t<\/div>\n\t\t","protected":false},"excerpt":{"rendered":"<p>Trasladando estructuras 3D a rollos de tela en 2D Las superficies de membrana casi nunca son planas. En realidad no lo deber\u00edan ser nunca. Son superficies alabeadas. Estas superficies pueden clasificarse en dos grupos: \u2013 Superficies sincl\u00e1sticas Tienen el mismo tipo de curvatura en todos los puntos. Esto es, si cortamos la superficie con un&hellip;<\/p>\n","protected":false},"author":1,"featured_media":0,"parent":10077,"menu_order":0,"comment_status":"closed","ping_status":"closed","template":"","meta":{"footnotes":""},"tags":[164],"class_list":["post-6865","page","type-page","status-publish","hentry","tag-patronaje"],"_links":{"self":[{"href":"https:\/\/www.wintess.com\/es\/wp-json\/wp\/v2\/pages\/6865","targetHints":{"allow":["GET"]}}],"collection":[{"href":"https:\/\/www.wintess.com\/es\/wp-json\/wp\/v2\/pages"}],"about":[{"href":"https:\/\/www.wintess.com\/es\/wp-json\/wp\/v2\/types\/page"}],"author":[{"embeddable":true,"href":"https:\/\/www.wintess.com\/es\/wp-json\/wp\/v2\/users\/1"}],"replies":[{"embeddable":true,"href":"https:\/\/www.wintess.com\/es\/wp-json\/wp\/v2\/comments?post=6865"}],"version-history":[{"count":3,"href":"https:\/\/www.wintess.com\/es\/wp-json\/wp\/v2\/pages\/6865\/revisions"}],"predecessor-version":[{"id":14981,"href":"https:\/\/www.wintess.com\/es\/wp-json\/wp\/v2\/pages\/6865\/revisions\/14981"}],"up":[{"embeddable":true,"href":"https:\/\/www.wintess.com\/es\/wp-json\/wp\/v2\/pages\/10077"}],"wp:attachment":[{"href":"https:\/\/www.wintess.com\/es\/wp-json\/wp\/v2\/media?parent=6865"}],"wp:term":[{"taxonomy":"post_tag","embeddable":true,"href":"https:\/\/www.wintess.com\/es\/wp-json\/wp\/v2\/tags?post=6865"}],"curies":[{"name":"wp","href":"https:\/\/api.w.org\/{rel}","templated":true}]}}